{"id":19821,"date":"2020-03-30T12:24:30","date_gmt":"2020-03-30T12:24:30","guid":{"rendered":"https:\/\/steenbuck-automobiles.de\/?page_id=19821"},"modified":"2020-08-04T09:47:54","modified_gmt":"2020-08-04T09:47:54","slug":"how-to-find-us","status":"publish","type":"page","link":"https:\/\/steenbuck-automobiles.de\/en\/how-to-find-us\/","title":{"rendered":"How to Find Us"},"content":{"rendered":"\n\t<h2>How to Find Us:<\/h2>\nG\u00f6denstorf-L\u00fcbberstedt<br \/>\nHainholzweg 1<br \/>\n21376 G\u00f6denstorf-L\u00fcbberstedt<br \/>\nPhone:+49 (0) 4175 \u2013 80 20 20<br \/>\nFax:+49 (0) 4175 \u2013 80 20 29<br \/>\nEmail:\u00a0<a href=\"mailto:info@steenbuck-automobiles.de\">info@steenbuck-automobiles.de<\/a>\n\tDirections from Hamburg:<br \/>\nTake Autobahn A7 south for 45 km. When you reach the intersection \u201cEgestorf\u201d, turn right towards Luebberstedt and continue for 1 km. In the center of town, turn left into Hainholzweg and we are the first house on the right.\nIf you are using a navigation system, please use \u201cGoedenstorf\u201d as your final destination!<br \/>\n<strong>Have a safe trip! We can\u2019t wait to see you!<\/strong><br \/>\n<strong>Warmly,<br \/>\nYour Steenbuck-Automobiles Team<\/strong>\n","protected":false},"excerpt":{"rendered":"<p>How to Find Us: G\u00f6denstorf-L\u00fcbberstedt Hainholzweg 1 21376 G\u00f6denstorf-L\u00fcbberstedt Phone:+49 (0) 4175 \u2013 80 20 20 Fax:+49 (0) 4175 \u2013 80 20 29 Email:\u00a0info@steenbuck-automobiles.de Directions from Hamburg: Take Autobahn A7 south for 45 km. When you reach the intersection \u201cEgestorf\u201d, turn right towards Luebberstedt and continue for 1 km. In the center of town, turn [&hellip;]<\/p>\n","protected":false},"author":1,"featured_media":0,"parent":0,"menu_order":0,"comment_status":"closed","ping_status":"closed","template":"","meta":{"_acf_changed":false,"footnotes":""},"class_list":["post-19821","page","type-page","status-publish","hentry"],"acf":[],"_links":{"self":[{"href":"https:\/\/steenbuck-automobiles.de\/en\/wp-json\/wp\/v2\/pages\/19821","targetHints":{"allow":["GET"]}}],"collection":[{"href":"https:\/\/steenbuck-automobiles.de\/en\/wp-json\/wp\/v2\/pages"}],"about":[{"href":"https:\/\/steenbuck-automobiles.de\/en\/wp-json\/wp\/v2\/types\/page"}],"author":[{"embeddable":true,"href":"https:\/\/steenbuck-automobiles.de\/en\/wp-json\/wp\/v2\/users\/1"}],"replies":[{"embeddable":true,"href":"https:\/\/steenbuck-automobiles.de\/en\/wp-json\/wp\/v2\/comments?post=19821"}],"version-history":[{"count":0,"href":"https:\/\/steenbuck-automobiles.de\/en\/wp-json\/wp\/v2\/pages\/19821\/revisions"}],"wp:attachment":[{"href":"https:\/\/steenbuck-automobiles.de\/en\/wp-json\/wp\/v2\/media?parent=19821"}],"curies":[{"name":"wp","href":"https:\/\/api.w.org\/{rel}","templated":true}]}}